{"id":885,"date":"2023-05-21T17:55:09","date_gmt":"2023-05-21T15:55:09","guid":{"rendered":"https:\/\/www.jimajine.fr\/?page_id=885"},"modified":"2024-07-04T13:22:38","modified_gmt":"2024-07-04T11:22:38","slug":"sous-les-coups-de-marteaux","status":"publish","type":"page","link":"https:\/\/www.jimajine.fr\/index.php\/sous-les-coups-de-marteaux\/","title":{"rendered":"Sous les coups de marteau !"},"content":{"rendered":"\n<p>Bienvenue dans l&rsquo;univers de JimaJine, o\u00f9 le verre bris\u00e9 devient le support d&rsquo;une expression artistique profonde et innovante, inspir\u00e9e par la visionnaire approche de Simon BERGER.<br>Ma signature artistique \u00e9mane de la technique subtile et impactante du verre bris\u00e9 \u00e0 l&rsquo;aide d&rsquo;un marteau. Par l&rsquo;entremise de frappes pr\u00e9cises sur le verre, je donne naissance \u00e0 des cr\u00e9ations, \u00e0 la fois expressives et singuli\u00e8res, qui captent la lumi\u00e8re et jouent subtilement avec la transparence.<br>Chaque coup est calcul\u00e9, chaque fissure est intentionnelle, ajoutant profondeur et contraste, transformant une simple plaque de verre en une \u0153uvre qui refl\u00e8te la complexit\u00e9 et la fragilit\u00e9 des th\u00e8mes repr\u00e9sent\u00e9s, t\u00e9moignage d&rsquo;une \u00e9motion captur\u00e9e dans le verre.<br>C&rsquo;est dans ce dialogue entre la force des coups de marteau et la vuln\u00e9rabilit\u00e9 du verre que na\u00eet la magie de mes \u0153uvres, \u00e9tablissant un lien intime avec le spectateur et \u00e9veillant des sensations profondes.<\/p>\n\n\n\n<figure class=\"wp-block-gallery has-nested-images columns-default is-cropped wp-block-gallery-1 is-layout-flex wp-block-gallery-is-layout-flex\">\n<figure class=\"wp-block-image size-large\"><img loading=\"lazy\" decoding=\"async\" width=\"683\" height=\"1024\" data-id=\"946\" src=\"https:\/\/www.jimajine.fr\/wp-content\/uploads\/2020\/10\/fdb_jimajine_tableau_verre_2024_001_s-683x1024.jpg\" alt=\"\" class=\"wp-image-946\" srcset=\"https:\/\/www.jimajine.fr\/wp-content\/uploads\/2020\/10\/fdb_jimajine_tableau_verre_2024_001_s-683x1024.jpg 683w, https:\/\/www.jimajine.fr\/wp-content\/uploads\/2020\/10\/fdb_jimajine_tableau_verre_2024_001_s-200x300.jpg 200w, https:\/\/www.jimajine.fr\/wp-content\/uploads\/2020\/10\/fdb_jimajine_tableau_verre_2024_001_s-768x1152.jpg 768w, https:\/\/www.jimajine.fr\/wp-content\/uploads\/2020\/10\/fdb_jimajine_tableau_verre_2024_001_s-1024x1536.jpg 1024w, https:\/\/www.jimajine.fr\/wp-content\/uploads\/2020\/10\/fdb_jimajine_tableau_verre_2024_001_s.jpg 1280w\" sizes=\"(max-width: 683px) 100vw, 683px\" \/><\/figure>\n\n\n\n<figure class=\"wp-block-image size-large\"><img loading=\"lazy\" decoding=\"async\" width=\"683\" height=\"1024\" data-id=\"947\" src=\"https:\/\/www.jimajine.fr\/wp-content\/uploads\/2020\/10\/fdb_jimajine_tableau_verre_2024_002_s-683x1024.jpg\" alt=\"\" class=\"wp-image-947\" srcset=\"https:\/\/www.jimajine.fr\/wp-content\/uploads\/2020\/10\/fdb_jimajine_tableau_verre_2024_002_s-683x1024.jpg 683w, https:\/\/www.jimajine.fr\/wp-content\/uploads\/2020\/10\/fdb_jimajine_tableau_verre_2024_002_s-200x300.jpg 200w, https:\/\/www.jimajine.fr\/wp-content\/uploads\/2020\/10\/fdb_jimajine_tableau_verre_2024_002_s-768x1152.jpg 768w, https:\/\/www.jimajine.fr\/wp-content\/uploads\/2020\/10\/fdb_jimajine_tableau_verre_2024_002_s-1024x1536.jpg 1024w, https:\/\/www.jimajine.fr\/wp-content\/uploads\/2020\/10\/fdb_jimajine_tableau_verre_2024_002_s.jpg 1280w\" sizes=\"(max-width: 683px) 100vw, 683px\" \/><\/figure>\n\n\n\n<figure class=\"wp-block-image size-large\"><img loading=\"lazy\" decoding=\"async\" width=\"683\" height=\"1024\" data-id=\"948\" src=\"https:\/\/www.jimajine.fr\/wp-content\/uploads\/2020\/10\/fdb_jimajine_tableau_verre_2024_003_s-683x1024.jpg\" alt=\"\" class=\"wp-image-948\" srcset=\"https:\/\/www.jimajine.fr\/wp-content\/uploads\/2020\/10\/fdb_jimajine_tableau_verre_2024_003_s-683x1024.jpg 683w, https:\/\/www.jimajine.fr\/wp-content\/uploads\/2020\/10\/fdb_jimajine_tableau_verre_2024_003_s-200x300.jpg 200w, https:\/\/www.jimajine.fr\/wp-content\/uploads\/2020\/10\/fdb_jimajine_tableau_verre_2024_003_s-768x1152.jpg 768w, https:\/\/www.jimajine.fr\/wp-content\/uploads\/2020\/10\/fdb_jimajine_tableau_verre_2024_003_s-1024x1536.jpg 1024w, https:\/\/www.jimajine.fr\/wp-content\/uploads\/2020\/10\/fdb_jimajine_tableau_verre_2024_003_s.jpg 1280w\" sizes=\"(max-width: 683px) 100vw, 683px\" \/><\/figure>\n\n\n\n<figure class=\"wp-block-image size-large\"><img loading=\"lazy\" decoding=\"async\" width=\"683\" height=\"1024\" data-id=\"888\" src=\"https:\/\/www.jimajine.fr\/wp-content\/uploads\/2023\/05\/Metamorphose-30x40-1-683x1024.png\" alt=\"\" class=\"wp-image-888\" srcset=\"https:\/\/www.jimajine.fr\/wp-content\/uploads\/2023\/05\/Metamorphose-30x40-1-683x1024.png 683w, https:\/\/www.jimajine.fr\/wp-content\/uploads\/2023\/05\/Metamorphose-30x40-1-200x300.png 200w, https:\/\/www.jimajine.fr\/wp-content\/uploads\/2023\/05\/Metamorphose-30x40-1-768x1152.png 768w, https:\/\/www.jimajine.fr\/wp-content\/uploads\/2023\/05\/Metamorphose-30x40-1.png 780w\" sizes=\"(max-width: 683px) 100vw, 683px\" \/><\/figure>\n\n\n\n<figure class=\"wp-block-image size-large\"><img loading=\"lazy\" decoding=\"async\" width=\"683\" height=\"1024\" data-id=\"893\" src=\"https:\/\/www.jimajine.fr\/wp-content\/uploads\/2023\/05\/Inconue5-30x30-1-683x1024.png\" alt=\"\" class=\"wp-image-893\" srcset=\"https:\/\/www.jimajine.fr\/wp-content\/uploads\/2023\/05\/Inconue5-30x30-1-683x1024.png 683w, https:\/\/www.jimajine.fr\/wp-content\/uploads\/2023\/05\/Inconue5-30x30-1-200x300.png 200w, https:\/\/www.jimajine.fr\/wp-content\/uploads\/2023\/05\/Inconue5-30x30-1-768x1152.png 768w, https:\/\/www.jimajine.fr\/wp-content\/uploads\/2023\/05\/Inconue5-30x30-1.png 780w\" sizes=\"(max-width: 683px) 100vw, 683px\" \/><\/figure>\n\n\n\n<figure class=\"wp-block-image size-large\"><img loading=\"lazy\" decoding=\"async\" width=\"683\" height=\"1024\" data-id=\"890\" src=\"https:\/\/www.jimajine.fr\/wp-content\/uploads\/2023\/05\/Defiance-30x30-1-683x1024.png\" alt=\"\" class=\"wp-image-890\" srcset=\"https:\/\/www.jimajine.fr\/wp-content\/uploads\/2023\/05\/Defiance-30x30-1-683x1024.png 683w, https:\/\/www.jimajine.fr\/wp-content\/uploads\/2023\/05\/Defiance-30x30-1-200x300.png 200w, https:\/\/www.jimajine.fr\/wp-content\/uploads\/2023\/05\/Defiance-30x30-1-768x1152.png 768w, https:\/\/www.jimajine.fr\/wp-content\/uploads\/2023\/05\/Defiance-30x30-1.png 780w\" sizes=\"(max-width: 683px) 100vw, 683px\" \/><\/figure>\n\n\n\n<figure class=\"wp-block-image size-large\"><img loading=\"lazy\" decoding=\"async\" width=\"683\" height=\"1024\" data-id=\"891\" src=\"https:\/\/www.jimajine.fr\/wp-content\/uploads\/2023\/05\/Inconue3-30x40-1-683x1024.png\" alt=\"\" class=\"wp-image-891\" srcset=\"https:\/\/www.jimajine.fr\/wp-content\/uploads\/2023\/05\/Inconue3-30x40-1-683x1024.png 683w, https:\/\/www.jimajine.fr\/wp-content\/uploads\/2023\/05\/Inconue3-30x40-1-200x300.png 200w, https:\/\/www.jimajine.fr\/wp-content\/uploads\/2023\/05\/Inconue3-30x40-1-768x1152.png 768w, https:\/\/www.jimajine.fr\/wp-content\/uploads\/2023\/05\/Inconue3-30x40-1.png 780w\" sizes=\"(max-width: 683px) 100vw, 683px\" \/><\/figure>\n\n\n\n<figure class=\"wp-block-image size-large\"><img loading=\"lazy\" decoding=\"async\" width=\"683\" height=\"1024\" data-id=\"892\" src=\"https:\/\/www.jimajine.fr\/wp-content\/uploads\/2023\/05\/Inconue-30x40-1-683x1024.png\" alt=\"\" class=\"wp-image-892\" srcset=\"https:\/\/www.jimajine.fr\/wp-content\/uploads\/2023\/05\/Inconue-30x40-1-683x1024.png 683w, https:\/\/www.jimajine.fr\/wp-content\/uploads\/2023\/05\/Inconue-30x40-1-200x300.png 200w, https:\/\/www.jimajine.fr\/wp-content\/uploads\/2023\/05\/Inconue-30x40-1-768x1152.png 768w, https:\/\/www.jimajine.fr\/wp-content\/uploads\/2023\/05\/Inconue-30x40-1.png 780w\" sizes=\"(max-width: 683px) 100vw, 683px\" \/><\/figure>\n\n\n\n<figure class=\"wp-block-image size-large\"><img loading=\"lazy\" decoding=\"async\" width=\"683\" height=\"1024\" data-id=\"894\" src=\"https:\/\/www.jimajine.fr\/wp-content\/uploads\/2023\/05\/Inconue4-30x40-1-683x1024.png\" alt=\"\" class=\"wp-image-894\" srcset=\"https:\/\/www.jimajine.fr\/wp-content\/uploads\/2023\/05\/Inconue4-30x40-1-683x1024.png 683w, https:\/\/www.jimajine.fr\/wp-content\/uploads\/2023\/05\/Inconue4-30x40-1-200x300.png 200w, https:\/\/www.jimajine.fr\/wp-content\/uploads\/2023\/05\/Inconue4-30x40-1-768x1152.png 768w, https:\/\/www.jimajine.fr\/wp-content\/uploads\/2023\/05\/Inconue4-30x40-1.png 780w\" sizes=\"(max-width: 683px) 100vw, 683px\" \/><\/figure>\n<\/figure>\n","protected":false},"excerpt":{"rendered":"<p>Bienvenue dans l&rsquo;univers de JimaJine, o\u00f9 le verre bris\u00e9 devient le support d&rsquo;une expression artistique profonde et innovante, inspir\u00e9e par la visionnaire approche de Simon BERGER.Ma signature artistique \u00e9mane de<\/p>\n<p class=\"more-link\"><a href=\"https:\/\/www.jimajine.fr\/index.php\/sous-les-coups-de-marteaux\/\" class=\"readmore\">Continue reading<svg class=\"icon icon-arrow-right\" aria-hidden=\"true\" role=\"img\"> <use href=\"#icon-arrow-right\" xlink:href=\"#icon-arrow-right\"><\/use> <\/svg><span class=\"screen-reader-text\">Sous les coups de marteau !<\/span><\/a><\/p>\n","protected":false},"author":2,"featured_media":0,"parent":0,"menu_order":0,"comment_status":"closed","ping_status":"closed","template":"","meta":{"footnotes":""},"_links":{"self":[{"href":"https:\/\/www.jimajine.fr\/index.php\/wp-json\/wp\/v2\/pages\/885"}],"collection":[{"href":"https:\/\/www.jimajine.fr\/index.php\/wp-json\/wp\/v2\/pages"}],"about":[{"href":"https:\/\/www.jimajine.fr\/index.php\/wp-json\/wp\/v2\/types\/page"}],"author":[{"embeddable":true,"href":"https:\/\/www.jimajine.fr\/index.php\/wp-json\/wp\/v2\/users\/2"}],"replies":[{"embeddable":true,"href":"https:\/\/www.jimajine.fr\/index.php\/wp-json\/wp\/v2\/comments?post=885"}],"version-history":[{"count":12,"href":"https:\/\/www.jimajine.fr\/index.php\/wp-json\/wp\/v2\/pages\/885\/revisions"}],"predecessor-version":[{"id":971,"href":"https:\/\/www.jimajine.fr\/index.php\/wp-json\/wp\/v2\/pages\/885\/revisions\/971"}],"wp:attachment":[{"href":"https:\/\/www.jimajine.fr\/index.php\/wp-json\/wp\/v2\/media?parent=885"}],"curies":[{"name":"wp","href":"https:\/\/api.w.org\/{rel}","templated":true}]}}